{"id":2,"date":"2019-08-09T21:09:17","date_gmt":"2019-08-09T21:09:17","guid":{"rendered":"http:\/\/baladekayak35.com\/?page_id=2"},"modified":"2026-01-12T23:28:49","modified_gmt":"2026-01-12T23:28:49","slug":"sample-page","status":"publish","type":"page","link":"http:\/\/www.baladekayak35.com\/index.php\/sample-page\/","title":{"rendered":"Calendrier des sorties guid\u00e9es 2026 avec moniteur"},"content":{"rendered":"\r\n<h1><strong>Prochaines sorties guid\u00e9es kayaks biplaces et monoplaces<\/strong><\/h1>\r\n<h1 style=\"text-align: center;\"><strong style=\"color: #0000ff; font-size: 1.5rem; text-align: center;\">Prochaines sorties guid\u00e9es\u00a0<\/strong><strong style=\"color: #0000ff; font-size: 1.5rem; text-align: center;\">PLAGE DU PRIEURE\u00a0<\/strong><strong style=\"color: #0000ff; font-size: 1.5rem; text-align: center;\">\u00e0 DINARD\u00a0<\/strong><strong style=\"color: #0000ff; font-size: 1.5rem; text-align: center;\">EN KAYAK &#8230;<\/strong><\/h1>\r\n<p style=\"text-align: center;\"><strong style=\"color: #0000ff; font-size: 1.5rem; text-align: center;\">(6 participants minimum)<\/strong><\/p>\r\n<p style=\"text-align: center;\"><span style=\"color: #0000ff;\"><strong>R\u00e9servation Etienne au 06 62 53 18 05<\/strong><\/span><\/p>\r\n<p style=\"text-align: center;\"><span style=\"color: #0000ff;\"><em><strong>Veuillez vous pr\u00e9senter au chalet bleu situ\u00e9 sur la Plage du Prieur\u00e9 Avenue de la Vicomt\u00e9 15 min avant le d\u00e9part pour vous \u00e9quiper.<\/strong><\/em><\/span><\/p>\r\n<h2 style=\"text-align: center;\">\u00a0<\/h2>\r\n<h2>Sortie d\u00e9couverte en kayak des plages dinardaises par le Clair de Lune\u00a0<\/h2>\r\n<h2><span style=\"color: #0000ff;\"><strong>Le tarif inclut la location des kayaks et tous les \u00e9quipements nautiques ainsi que l&rsquo;encadrement du groupe par moniteur DE<\/strong><\/span><\/h2>\r\n<p style=\"text-align: center;\"><span style=\"color: #0000ff;\"><strong>Adulte : 25\u20ac \/\u00a0Ado : 22\u20ac \/\u00a0Enfant (8 \u00e0 12 ans) : 18 \u20ac Conditions : savoir nager &amp; aucune contre indication m\u00e9dicale aux loisirs nautiques\u00a0<\/strong><\/span><\/p>\r\n<p style=\"text-align: center;\"><span style=\"color: #0000ff;\"><strong>NB : 6 participants minimum, enfant sur kayak biplace accompagn\u00e9 d&rsquo;un adulte<\/strong><\/span><\/p>\r\n<h3><em><strong><span style=\"color: #000000;\">Durant votre balade :<\/span><\/strong><\/em><\/h3>\r\n<h3><em><strong><span style=\"color: #000000;\">D\u00e9couverte de Dinard \u00a0: Le Prieur\u00e9 au Clair de Lune, la Vicomt\u00e9 et la plage de l&rsquo;Ecluse&#8230; et selon m\u00e9t\u00e9o et votre coupe de pagaie Saint Enogat et approche d&rsquo;Harbour<\/span><\/strong><\/em><\/h3>\r\n<h3><em><strong><span style=\"color: #000000;\">Dur\u00e9e : 2H00<\/span><\/strong><\/em><\/h3>\r\n<h3><em><strong><span style=\"color: #000000;\"> Niveau : ouvert \u00e0 tous, e<\/span><\/strong><strong><span style=\"color: #000000;\">nfants en duo sur kayak biplaces avec un adulte \/ Adultes en couple sur kayaks monoplace ou kayaks biplaces \/ Possibilit\u00e9 de tester des kayaks pont\u00e9s avec jupe.<\/span><\/strong><\/em><\/h3>\r\n<p style=\"text-align: center;\">\u00a0<\/p>\r\n<p><span style=\"color: #0000ff;\"><em><strong>\u00a0<\/strong><\/em><\/span><\/p>\r\n<table>\r\n<tbody>\r\n<tr>\r\n<td style=\"text-align: center;\" width=\"599\"><span style=\"color: #0000ff;\"><strong>KAYAK<br \/>Dur\u00e9e 2H<\/strong><\/span><\/td>\r\n<td style=\"text-align: center;\" width=\"689\"><span style=\"color: #ff00ff;\"><strong>PADDLE<br \/>Dur\u00e9e 2H<\/strong><\/span><\/td>\r\n<\/tr>\r\n<tr>\r\n<td style=\"text-align: center;\"><strong><br \/><span style=\"color: #0000ff;\">sur kayaks biplaces<\/span><br \/><span style=\"color: #0000ff;\">ou kayaks monoplaces<\/span><br \/><span style=\"color: #0000ff;\">Equipements fournis : pagaies, jupes, gilets, caissons \u00e9tanches<\/span><br \/><span style=\"color: #0000ff;\">pr\u00eat de combinaisons shorty<\/span><\/strong><\/td>\r\n<td style=\"text-align: center;\"><strong><br \/><span style=\"color: #ff00ff;\">sur paddles initiation 10&rsquo;6 \/ 11&rsquo;6<\/span><br \/><span style=\"color: #ff00ff;\">ou perfectionnement sur 12&rsquo;6<\/span><br \/><span style=\"color: #ff00ff;\">possibilit\u00e9 de naviguer sur paddle<\/span><br \/><span style=\"color: #ff00ff;\">2 \u00e0 3 places sur 15&rsquo;6<\/span><br \/><span style=\"color: #ff00ff;\">pr\u00eat de combinaisons shorty<\/span><\/strong><\/td>\r\n<\/tr>\r\n<tr>\r\n<td style=\"text-align: center;\">\r\n<p><span style=\"color: #0000ff;\"><strong>Tarifs :\u00a0<br \/>Adulte : 25\u20ac<br \/>Ado : 22\u20ac<br \/>Enfant (8 \u00e0 12 ans) : 18 \u20ac<\/strong><\/span><\/p>\r\n<\/td>\r\n<td style=\"text-align: center;\">\r\n<p><strong><span style=\"color: #ff00ff;\">Tarifs :<\/span><br \/><span style=\"color: #ff00ff;\">Adulte : 32\u20ac<br \/>Ado : 28\u20ac<br \/>Enfant (8 \u00e0 12 ans) : 24 \u20ac<\/span><\/strong><\/p>\r\n<\/td>\r\n<\/tr>\r\n<\/tbody>\r\n<\/table>\r\n<h2><strong style=\"color: #666666; font-size: 1.25rem;\"><span style=\"color: #0000ff;\">NB : \u00a0<\/span><\/strong><strong style=\"color: #666666; font-size: 1.25rem;\"><span style=\"color: #0000ff;\">6 participants mini pour les sorties guid\u00e9es avec moniteur sinon location libre<\/span><\/strong><\/h2>\r\n<h1><strong style=\"color: #666666; font-size: 1.25rem;\"><span style=\"color: #0000ff;\">R\u00e9servation obligatoire, contactez Etienne au 0662 53 18 05<\/span><\/strong><\/h1>\r\n<h2><span style=\"color: #0000ff;\"><em><strong>Tarifs Balade guid\u00e9e de 2H00 avec moniteur :<\/strong><\/em><\/span><\/h2>\r\n<p><span style=\"color: #000000;\">comprenant la location des kayaks biplaces ou monoplaces et la prestation moniteur DE\u00a0<em><strong>\u00a0<\/strong><\/em><\/span><\/p>\r\n<p style=\"text-align: center;\"><span style=\"color: #000000;\"><em><strong>adulte 25\u20ac \/ ado 22\u20ac \/ enfant (8 \u00e0 12 ans) : 18 \u20ac<\/strong><\/em><\/span><\/p>\r\n<h1 style=\"text-align: center;\"><span style=\"color: #3366ff;\"><strong>Sorties en PADDLE avec moniteur <\/strong><strong>ou location libre sur simple demande<\/strong><\/span><\/h1>\r\n<h2><span style=\"color: #3366ff;\"><strong> Balade au clair de lune du Prieur\u00e9 au Bec de la Vall\u00e9e &#8211; Dur\u00e9es \u00a02H00 &#8211; Encadr\u00e9e par moniteur paddle<\/strong><\/span><\/h2>\r\n<h2><span style=\"color: #3366ff;\"><strong>Groupe de 6 personnes minimum cr\u00e9neau sur demande<\/strong><\/span><\/h2>\r\n<h2><span style=\"color: #3366ff;\"><strong>Sorties guid\u00e9es pour les groupes CE, EVG, EVJF,&#8230;\u00a0sur r\u00e9servation et devis<\/strong><\/span><\/h2>\r\n<h1>Locations kayaks, paddles ou p\u00e9dalos<\/h1>\r\n<h2><strong><em>En semaine et le week end pour la location de kayaks monoplaces et biplaces ouverts, paddles et p\u00e9dalos<\/em><\/strong><\/h2>\r\n<p>NB : pour des raisons de manutention les p\u00e9dalos sont lou\u00e9s sur le cr\u00e9neau 2H00 avant jusqu&rsquo;\u00e0 2H apr\u00e8s la pleine mer, veuillez consulter le <a href=\"http:\/\/maree.info\/52\">calendrier des mar\u00e9es 2025<\/a><\/p>\r\n<h2 style=\"text-align: center;\"><span style=\"color: #0000ff;\"><strong>Pour conna\u00eetre le booking et r\u00e9server : \u00a0<\/strong><\/span><\/h2>\r\n<h2 style=\"text-align: center;\"><span style=\"color: #0000ff;\"><strong>O6 62 53 18 05 ou baladekayak35@gmail.com<\/strong><\/span><\/h2>\r\n","protected":false},"excerpt":{"rendered":"<p>Prochaines sorties guid\u00e9es kayaks biplaces et monoplaces Prochaines sorties guid\u00e9es\u00a0PLAGE DU PRIEURE\u00a0\u00e0 DINARD\u00a0EN KAYAK &#8230; (6 participants minimum) R\u00e9servation Etienne au 06 62 53 18 05 Veuillez vous pr\u00e9senter au chalet bleu situ\u00e9 sur la Plage du Prieur\u00e9 Avenue de la Vicomt\u00e9 15 min avant le d\u00e9part pour vous \u00e9quiper. \u00a0 Sortie d\u00e9couverte en kayak &hellip; <\/p>\n<p class=\"link-more\"><a href=\"http:\/\/www.baladekayak35.com\/index.php\/sample-page\/\" class=\"more-link\">Continuer la lecture<span class=\"screen-reader-text\"> de &laquo;&nbsp;Calendrier des sorties guid\u00e9es 2026 avec moniteur&nbsp;&raquo;<\/span><\/a><\/p>\n","protected":false},"author":1,"featured_media":36,"parent":0,"menu_order":0,"comment_status":"closed","ping_status":"closed","template":"","meta":{"footnotes":""},"_links":{"self":[{"href":"http:\/\/www.baladekayak35.com\/index.php\/wp-json\/wp\/v2\/pages\/2"}],"collection":[{"href":"http:\/\/www.baladekayak35.com\/index.php\/wp-json\/wp\/v2\/pages"}],"about":[{"href":"http:\/\/www.baladekayak35.com\/index.php\/wp-json\/wp\/v2\/types\/page"}],"author":[{"embeddable":true,"href":"http:\/\/www.baladekayak35.com\/index.php\/wp-json\/wp\/v2\/users\/1"}],"replies":[{"embeddable":true,"href":"http:\/\/www.baladekayak35.com\/index.php\/wp-json\/wp\/v2\/comments?post=2"}],"version-history":[{"count":195,"href":"http:\/\/www.baladekayak35.com\/index.php\/wp-json\/wp\/v2\/pages\/2\/revisions"}],"predecessor-version":[{"id":720,"href":"http:\/\/www.baladekayak35.com\/index.php\/wp-json\/wp\/v2\/pages\/2\/revisions\/720"}],"wp:featuredmedia":[{"embeddable":true,"href":"http:\/\/www.baladekayak35.com\/index.php\/wp-json\/wp\/v2\/media\/36"}],"wp:attachment":[{"href":"http:\/\/www.baladekayak35.com\/index.php\/wp-json\/wp\/v2\/media?parent=2"}],"curies":[{"name":"wp","href":"https:\/\/api.w.org\/{rel}","templated":true}]}}