{"id":8,"date":"2019-08-09T21:17:09","date_gmt":"2019-08-09T21:17:09","guid":{"rendered":"http:\/\/baladekayak35.com\/?page_id=8"},"modified":"2026-01-12T23:32:40","modified_gmt":"2026-01-12T23:32:40","slug":"accueil","status":"publish","type":"page","link":"http:\/\/www.baladekayak35.com\/","title":{"rendered":"Bienvenue"},"content":{"rendered":"\r\n\r\n\r\n\r\n<!-- wp:image {\"id\":80,\"width\":646,\"height\":312} -->\r\n<h1 class=\"western\" style=\"text-align: center;\"><strong><span style=\"color: #000000;\">Balade Kayak 35 vous propose de d\u00e9couvrir Dinard et Saint-Malo en kayak de mer, paddle &amp; p\u00e9dalo en location ou sorties guid\u00e9es&#8230;<\/span><\/strong><\/h1>\r\n<h3 style=\"text-align: center;\"><em><strong><span style=\"color: #0000ff;\">Ouvert du 1er avril au 30 octobre 2026 en semaine et le week end location libre de kayaks, paddles ou p\u00e9dalos ou en sorties guid\u00e9es avec moniteur suivre le calendrier&#8230;<\/span><\/strong><\/em><\/h3>\r\n<p>&nbsp;<\/p>\r\n<p style=\"text-align: center;\"><iframe loading=\"lazy\" title=\"Balade Kayak 35 - Interview TVRennes avec Etienne Deheegher\" src=\"https:\/\/www.youtube.com\/embed\/qB4fB4j2uNY?feature=oembed\" width=\"525\" height=\"295\" frameborder=\"0\" allowfullscreen=\"allowfullscreen\" data-mce-fragment=\"1\"><\/iframe><\/p>\r\n<h1 style=\"text-align: center;\"><span style=\"color: #0000ff;\"><strong>Septembre 2026 et Vacances de la Toussaint<\/strong><\/span><\/h1>\r\n<h1 style=\"text-align: center;\"><span style=\"color: #0000ff;\"><strong>Ouvert tous les week end \/ Location possible en semaine sur r\u00e9servation <\/strong><\/span><\/h1>\r\n<h1 style=\"text-align: center;\"><span style=\"color: #0000ff;\"><strong>Votre moniteur Etienne au 0662531805<\/strong><\/span><\/h1>\r\n<h3 style=\"text-align: center;\"><strong style=\"color: #0000ff; font-size: 1.5rem; text-align: center;\">Prochaines sorties guid\u00e9es en kayak pour groupe ou famille de 6 pers. minimum<\/strong><\/h3>\r\n<h2 style=\"text-align: center;\"><strong style=\"color: #0000ff; font-size: 1.5rem; text-align: center;\">D\u00e9part Plage du Prieur\u00e9 Av de la Vicomt\u00e9 35800 Dinard Rdv au Chalet bleu 15 min avant le d\u00e9part &#8211; R\u00e9servation obligatoire au 06 62 53 18 05 demandez \u00a0Etienne, votre moniteur kayak et paddle<\/strong><\/h2>\r\n<p>&nbsp;<\/p>\r\n<p><span style=\"color: #0000ff;\"><span style=\"caret-color: #0000ff;\"><b><i>pour toute demande ou informations concernant les locations &amp; les sorties guid\u00e9es :<\/i><\/b><\/span><\/span><\/p>\r\n<h3 style=\"text-align: center;\"><span style=\"color: #0000ff;\"><a style=\"color: #0000ff;\" href=\"mailto:baladekayak35@gmail.com\"><strong>baladekayak35@gmail.com<\/strong><\/a><\/span><\/h3>\r\n<h3 style=\"text-align: center;\"><strong><span style=\"color: #0000ff;\">\u00a0ou Etienne votre moniteur kayak et paddle<\/span><\/strong><\/h3>\r\n<h3 style=\"text-align: center;\"><strong><span style=\"color: #0000ff;\"> 06 62 53 18 05<\/span><\/strong><\/h3>\r\n<h2 class=\"western\" style=\"text-align: center;\" align=\"left\"><strong><span style=\"color: #000000;\">Formule LOCATIONS KAYAK \/ PADDLE \/ PEDALO<\/span><\/strong><\/h2>\r\n<p><strong><span style=\"color: #000000;\">Locations de kayaks, paddles et p\u00e9dalos (navigation libre avec parcours conseill\u00e9s et\u00a0<\/span><\/strong><strong><span style=\"color: #000000;\">tous les \u00e9quipements fournis : combinaisons, pagaies, gilets, caissons, chariot de mise \u00e0 l&rsquo;eau&#8230;<\/span><\/strong><\/p>\r\n<table class=\"wp-block-table has-subtle-pale-blue-background-color has-background is-style-stripes\" style=\"height: 381px;\" width=\"598\">\r\n<tbody>\r\n<tr>\r\n<td>\u00a0<\/td>\r\n<td style=\"text-align: center;\">1H<\/td>\r\n<td style=\"text-align: center;\">2H<\/td>\r\n<\/tr>\r\n<tr>\r\n<td>Kayak monoplace<\/td>\r\n<td style=\"text-align: center;\">12 \u20ac<\/td>\r\n<td style=\"text-align: center;\">20 \u20ac<\/td>\r\n<\/tr>\r\n<tr>\r\n<td>Kayak biplace<\/td>\r\n<td style=\"text-align: center;\">18 \u20ac<\/td>\r\n<td style=\"text-align: center;\">30 \u20ac<\/td>\r\n<\/tr>\r\n<tr>\r\n<td>Paddle monoplace (taille 10&rsquo;6 \/ 11&rsquo;6 ou 12&rsquo;6)<\/td>\r\n<td style=\"text-align: center;\">12 \u20ac<\/td>\r\n<td style=\"text-align: center;\">20 \u20ac<\/td>\r\n<\/tr>\r\n<tr>\r\n<td>Paddle King size (2-4 pers: 3 adultes ou 2 adultes et 2 enfants)<\/td>\r\n<td style=\"text-align: center;\">20 \u20ac<\/td>\r\n<td style=\"text-align: center;\">35 \u20ac<\/td>\r\n<\/tr>\r\n<\/tbody>\r\n<\/table>\r\n<p><br \/>Tarifs p\u00e9dalos<\/p>\r\n<table class=\"wp-block-table has-subtle-pale-blue-background-color has-background is-style-stripes\" style=\"height: 457px;\" width=\"597\">\r\n<tbody>\r\n<tr>\r\n<td>\u00a0<\/td>\r\n<td style=\"text-align: center;\">1H<\/td>\r\n<td style=\"text-align: center;\">2H<\/td>\r\n<\/tr>\r\n<tr>\r\n<td>P\u00e9dalo 4 places pour 2 adultes et 2 enfants<\/td>\r\n<td style=\"text-align: center;\">25 \u20ac<\/td>\r\n<td style=\"text-align: center;\">40 \u20ac<\/td>\r\n<\/tr>\r\n<tr>\r\n<td>P\u00e9dalo g\u00e9ant 6 \u00e0 7 places avec toboggan<\/td>\r\n<td style=\"text-align: center;\">40 \u20ac<\/td>\r\n<td style=\"text-align: center;\">70 \u20ac<\/td>\r\n<\/tr>\r\n<tr>\r\n<td>\r\n<p>Possibilit\u00e9 de pique nique sur le p\u00e9dalo &#8211;<\/p>\r\n<p>Les enfants sont accompagn\u00e9s obligatoirement d&rsquo;un adulte<\/p>\r\n<\/td>\r\n<td>\u00a0<\/td>\r\n<td>\u00a0<\/td>\r\n<\/tr>\r\n<tr>\r\n<td>\r\n<p><span style=\"color: #0000ff;\"><em><strong>Location des p\u00e9dalos :\u00a0pour des raisons de manutention <\/strong><\/em><\/span><\/p>\r\n<p><span style=\"color: #0000ff;\"><em><strong>les p\u00e9dalos sont lou\u00e9s entre 2H00 avant jusqu&rsquo;\u00e0 2H <\/strong><\/em><\/span><\/p>\r\n<p><span style=\"color: #0000ff;\"><em><strong>apr\u00e8s la pleine mer, <\/strong><\/em><\/span><\/p>\r\n<p><span style=\"color: #0000ff;\"><em><strong>veuillez consulter le <a style=\"color: #0000ff;\" href=\"http:\/\/maree.info\/52\">calendrier des mar\u00e9es 2025<\/a><\/strong><\/em><\/span><\/p>\r\n<\/td>\r\n<td>\u00a0<\/td>\r\n<td>\u00a0<\/td>\r\n<\/tr>\r\n<\/tbody>\r\n<\/table>\r\n<h2 class=\"western\" style=\"text-align: center;\" align=\"left\"><strong><span style=\"color: #000000;\">Formule SORTIES GUIDEES EN KAYAK ou PADDLE<\/span><\/strong><\/h2>\r\n<p><em><strong><span style=\"color: #000000;\">Balades d\u00e9couverte de 2H, mini randonn\u00e9e de 3H \u00e0 la\u00a0randonn\u00e9e journ\u00e9e avec moniteur incluant la\u00a0location\u00a0et l&rsquo;encadrement de votre sortie avec moniteur.<\/span><\/strong><\/em><\/p>\r\n<h1 style=\"text-align: center;\"><strong style=\"color: #0000ff; font-size: 1.5rem; text-align: center;\">Les sorties guid\u00e9es se d\u00e9roulent dans la baie de Dinard de la plage du Prieur\u00e9 \u00e0 Dinard vers la plage de Saint Enogat et Harbour<\/strong><\/h1>\r\n<p><em><span style=\"color: #000000;\">RDV au chalet bleu situ\u00e9 plage du Prieur\u00e9 Avenue de la Vicomt\u00e9 35800 Dinard (face au Parc de Port Breton)<\/span><\/em><\/p>\r\n<h1 style=\"text-align: center;\"><strong style=\"color: #0000ff; font-size: 1.5rem; text-align: center;\">PLAGE DU PRIEURE\u00a0<\/strong><strong style=\"color: #0000ff; font-size: 1.5rem; text-align: center;\">\u00e0 DINARD\u00a0<\/strong><strong style=\"color: #0000ff; font-size: 1.5rem; text-align: center;\">EN KAYAK &#8230;<\/strong><\/h1>\r\n<p><span style=\"color: #0000ff;\"><strong>En sortie guid\u00e9e : 6 participants minimum, enfant sur kayak biplace accompagn\u00e9 d&rsquo;un adulte<\/strong><\/span><\/p>\r\n<p><span style=\"color: #0000ff;\"><strong>ou en location : en solo, famille ou entre amis sur kayaks biplaces ou monoplaces<\/strong><\/span><\/p>\r\n<h1 style=\"text-align: center;\"><span style=\"color: #0000ff;\"><strong>R\u00e9servation au 06 62 53 18 05<\/strong><\/span><\/h1>\r\n<p style=\"text-align: center;\"><span style=\"color: #0000ff;\"><strong>Le tarif inclut la location des kayaks et tous les \u00e9quipements nautiques ainsi que l&rsquo;encadrement du groupe par moniteur DE<\/strong><\/span><\/p>\r\n<p style=\"text-align: center;\"><span style=\"color: #0000ff;\"><strong>Adulte : 25\u20ac \/\u00a0Ado : 22\u20ac \/\u00a0Enfant (8 \u00e0 12 ans) : 18 \u20ac Conditions : savoir nager &amp; aucune contre indication m\u00e9dicale aux loisirs nautiques\u00a0<\/strong><\/span><\/p>\r\n<p style=\"text-align: center;\">\u00a0<\/p>\r\n<p style=\"text-align: center;\"><span style=\"color: #0000ff;\"><a style=\"color: #0000ff;\" href=\"http:\/\/baladekayak35.com\/wp-content\/uploads\/2024\/06\/Balade-Kayak-35_Kayak-\u00e0-Dinard-Plage-du-Prieur\u00e9-Av-de-la-Vicomt\u00e9.pdf\"><strong>Documentation de votre sortie kayak<\/strong><\/a><\/span><\/p>\r\n<h5 style=\"text-align: center;\"><strong style=\"color: #0000ff; font-size: 1.5rem; text-align: center;\">et AUSSI DES\u00a0<span style=\"color: #ff6600;\">sorties au coucher de soleil&#8230;<\/span><\/strong><\/h5>\r\n<h1 style=\"text-align: center;\"><span style=\"color: #ff00ff;\"><strong style=\"font-size: 1.5rem; text-align: center;\"><em><span style=\"color: #ff6600;\">Choisissez votre embarcation : kayaks, paddles ou p\u00e9dalos\u00a0\u00bb possibilit\u00e9 de changer de support en<\/span> <span style=\"color: #ff6600;\">cours de s\u00e9ance,&#8230; Tarif unique : 22\u20ac<\/span><\/em><\/strong><\/span><span style=\"color: #ff6600;\"><b><span style=\"font-family: LibreFranklinThin-ExtraBold; font-size: large;\">\u00a0<\/span><\/b><\/span><\/h1>\r\n<h5 style=\"text-align: center;\"><strong style=\"color: #0000ff; font-size: 1.5rem; text-align: center;\"><span style=\"color: #ff00ff;\">EN Paddle&#8230;<\/span><\/strong><\/h5>\r\n<p style=\"text-align: center;\"><span style=\"color: #ff00ff;\"><strong>Adulte : 32\u20ac \/\u00a0Ado : 28\u20ac \/\u00a0Enfant (10 \u00e0 12 ans) : 24 \u20ac Conditions : savoir nager &amp; aucune contre indication m\u00e9dicale aux loisirs nautiques\u00a06 participants minimum, NB : adulte et ado sur paddle monoplace, enfant sur paddle double avec un parent ou sur paddle monoplace selon capacit\u00e9 &#8230;<\/strong><\/span><\/p>\r\n<p style=\"text-align: center;\"><span style=\"color: #ff00ff;\"><a style=\"color: #ff00ff;\" href=\"http:\/\/baladekayak35.com\/wp-content\/uploads\/2021\/06\/Balade-Kayak-35_Paddle-\u00e0-Dinard-sur-la-c\u00f4te-d\u00e9meraude.pdf\"><strong>Documentation de votre sortie paddle<\/strong><\/a><\/span><\/p>\r\n<h4>\u00a0<\/h4>\r\n<h4 style=\"text-align: center;\"><span style=\"color: #008000;\"><strong style=\"font-size: 1.5rem; text-align: center;\">Initiations et sorties en paddle sur La \u00a0Rance<\/strong><\/span><\/h4>\r\n<h5 style=\"text-align: center;\"><span style=\"color: #008000;\"><strong style=\"font-size: 1.5rem; text-align: center;\">PORT DE TADEN<\/strong><\/span><\/h5>\r\n<h5 style=\"text-align: center;\"><span style=\"color: #008000; font-size: x-large;\"><span style=\"caret-color: #339966;\">ou<\/span><\/span><\/h5>\r\n<h5 style=\"text-align: center;\"><span style=\"color: #008000;\"><strong style=\"font-size: 1.5rem; text-align: center;\">Cale de JOUVENTE JERSEY LILLIE PLEURTUIT\u00a0<\/strong><\/span><\/h5>\r\n<h3><em><strong><span style=\"color: #0000ff;\">Vous pouvez aussi naviguer en sorties guid\u00e9es avec moniteur en suivant le <a style=\"color: #0000ff;\" href=\"http:\/\/www.baladekayak35.com\/index.php\/sample-page\/\">calendrier des balades<\/a><\/span><\/strong><\/em><\/h3>\r\n<h2><em><strong><span style=\"color: #0000ff;\">Pour toutes demandes hors du programme des balades guid\u00e9es ou location \u00a0pour les familles, groupes, CE, EVF, EVG&#8230; <\/span><\/strong><\/em><\/h2>\r\n<h2 style=\"text-align: center;\"><em><strong><span style=\"color: #0000ff;\">Veuillez contacter \u00a0<\/span><\/strong><\/em><em><strong><span style=\"color: #0000ff;\">Etienne au 0662531805 ou \u00a0<a style=\"color: #0000ff;\" href=\"mailto:baladekayak35@gmail.com\">baladekayak35@gmail.com<\/a><\/span><\/strong><\/em><\/h2>\r\n<p>&nbsp;<\/p>\r\n<p><strong><span style=\"color: #000000;\">\u00a0 \u00a0<\/span><\/strong><strong style=\"color: #0000ff; font-size: 1.5rem; text-align: center;\">Toutes les sorties guid\u00e9es sont encadr\u00e9es par moniteur BPJEPS Kayak de mer et paddles<\/strong><\/p>\r\n<h1 style=\"text-align: center;\"><strong style=\"color: #0000ff; font-size: 1.5rem; text-align: center;\">Sur kayaks biplaces et monoplaces, paddle en solo ou sur mod\u00e8le g\u00e9ant (2 \u00e0 3 pers)<\/strong><\/h1>\r\n<h3><span style=\"color: #0000ff;\"><strong>Au programme des sorties d\u00e9couverte ou de votre location : Baie du Prieur\u00e9, Clair de Lune, Plages de l&rsquo;Ecluse et Saint Enogat&#8230; <\/strong><\/span><\/h3>\r\n<h3><span style=\"color: #0000ff;\"><strong>6 participants mini pour les sorties guid\u00e9es avec moniteur sinon location libre \/ conditions : savoir nager et aucune contre indication m\u00e9dicale aux loisirs nautiques<\/strong><\/span><\/h3>\r\n<table>\r\n<tbody>\r\n<tr>\r\n<td style=\"text-align: center;\" width=\"599\"><span style=\"color: #0000ff;\"><strong>KAYAK<br \/>Dur\u00e9e 2H<\/strong><\/span><\/td>\r\n<td style=\"text-align: center;\" width=\"689\"><span style=\"color: #ff00ff;\"><strong>PADDLE<br \/>Dur\u00e9e 2H<\/strong><\/span><\/td>\r\n<\/tr>\r\n<tr>\r\n<td style=\"text-align: center;\"><strong><br \/><span style=\"color: #0000ff;\">sur kayaks biplaces<\/span><br \/><span style=\"color: #0000ff;\">ou kayaks monoplaces<\/span><br \/><span style=\"color: #0000ff;\">Equipements fournis : pagaies, jupes, gilets, caissons \u00e9tanches<\/span><br \/><span style=\"color: #0000ff;\">pr\u00eat de combinaisons shorty<\/span><\/strong><\/td>\r\n<td style=\"text-align: center;\"><strong><br \/><span style=\"color: #ff00ff;\">sur paddles initiation 10&rsquo;6 \/ 11&rsquo;6<\/span><br \/><span style=\"color: #ff00ff;\">ou perfectionnement sur 12&rsquo;6<\/span><br \/><span style=\"color: #ff00ff;\">possibilit\u00e9 de naviguer sur paddle<\/span><br \/><span style=\"color: #ff00ff;\">2 \u00e0 3 places sur 15&rsquo;6<\/span><br \/><span style=\"color: #ff00ff;\">pr\u00eat de combinaisons shorty<\/span><\/strong><\/td>\r\n<\/tr>\r\n<tr>\r\n<td style=\"text-align: center;\">\r\n<p><span style=\"color: #0000ff;\"><strong>Tarifs :\u00a0<br \/>Adulte : 25\u20ac<br \/>Ado : 22\u20ac<br \/>Enfant (8 \u00e0 12 ans) : 18 \u20ac<\/strong><\/span><\/p>\r\n<\/td>\r\n<td style=\"text-align: center;\">\r\n<p><strong><span style=\"color: #ff00ff;\">Tarifs :<\/span><br \/><span style=\"color: #ff00ff;\">Adulte : 32\u20ac<br \/>Ado : 28\u20ac<br \/>Enfant (8 \u00e0 12 ans) : 24 \u20ac<\/span><\/strong><\/p>\r\n<\/td>\r\n<\/tr>\r\n<\/tbody>\r\n<\/table>\r\n<h3><a style=\"font-size: 1rem;\" href=\"http:\/\/baladekayak35.com\/wp-content\/uploads\/2021\/06\/Balade-Kayak-35_2021_Kayak-\u00e0-Dinard.pdf\" target=\"_blank\" rel=\"noreferrer noopener\" aria-label=\"sorties guid\u00e9es (s\u2019ouvre dans un nouvel onglet)\">Flyer et tarifs des sorties guid\u00e9es en kayaks de mer<\/a><span style=\"font-size: 1rem;\">\u00a0<\/span><\/h3>\r\n<p><span style=\"font-size: 1rem;\"><a href=\"http:\/\/baladekayak35.com\/wp-content\/uploads\/2021\/06\/Balade-Kayak-35_Paddle-\u00e0-Dinard-sur-la-c\u00f4te-d\u00e9meraude.pdf\">Flyer et tarifs des sorties guid\u00e9es en paddle<\/a><\/span><\/p>\r\n<p><strong><span style=\"color: #000000;\">Rendez vous au chalet bleu Plage du Prieur\u00e9 Av. de la Vicomt\u00e9 (\u00e0 c\u00f4t\u00e9 du Parc de Port Breton) 35800 Dinard<\/span><\/strong><\/p>\r\n<p><em><strong><span style=\"color: #0000ff;\">Pour les r\u00e9servations, veuillez appeler Etienne au 06 62 53 18 05<\/span><\/strong><\/em><\/p>\r\n<p><strong><span style=\"color: #0000ff;\">L&rsquo;espace location est ouvert tous les jours<\/span><\/strong><\/p>\r\n<p><strong><span style=\"color: #0000ff;\">Location de kayaks biplaces ou monoplaces, paddles de 10H00 \u00e0 19H00<\/span><\/strong><\/p>\r\n<p><span style=\"color: #0000ff;\"><em><strong>Location des p\u00e9dalos :\u00a0pour des raisons de manutention les p\u00e9dalos sont lou\u00e9s sur le cr\u00e9neau 2H00 avant jusqu&rsquo;\u00e0 2H apr\u00e8s la pleine mer, veuillez consulter le <a style=\"color: #0000ff;\" href=\"http:\/\/maree.info\/52\">calendrier des mar\u00e9es 2026<\/a><\/strong><\/em><\/span><\/p>\r\n<p>&nbsp;<\/p>\r\n<p><em><span style=\"color: #0000ff;\"><strong>NB : <\/strong><\/span><\/em><em><span style=\"color: #0000ff;\"><strong>RV 15 min avant le d\u00e9part au chalet bleu plage du Prieur\u00e9 Av. de la Vicomt\u00e9 35800 Dinard\u00a0<\/strong><\/span><\/em><\/p>\r\n<p>&nbsp;<\/p>\r\n<p><!-- wp:paragraph --><!-- \/wp:paragraph -->\r\n\r\n<!-- wp:paragraph --><\/p>\r\n<p><!-- \/wp:paragraph --><\/p>\r\n<p>&nbsp;<\/p>","protected":false},"excerpt":{"rendered":"<p>Balade Kayak 35 vous propose de d\u00e9couvrir Dinard et Saint-Malo en kayak de mer, paddle &amp; p\u00e9dalo en location ou sorties guid\u00e9es&#8230; Ouvert du 1er avril au 30 octobre 2026 en semaine et le week end location libre de kayaks, paddles ou p\u00e9dalos ou en sorties guid\u00e9es avec moniteur suivre le calendrier&#8230; &nbsp; Septembre 2026 &hellip; <\/p>\n<p class=\"link-more\"><a href=\"http:\/\/www.baladekayak35.com\/\" class=\"more-link\">Continuer la lecture<span class=\"screen-reader-text\"> de &laquo;&nbsp;Bienvenue&nbsp;&raquo;<\/span><\/a><\/p>\n","protected":false},"author":1,"featured_media":0,"parent":0,"menu_order":0,"comment_status":"closed","ping_status":"closed","template":"","meta":{"footnotes":""},"_links":{"self":[{"href":"http:\/\/www.baladekayak35.com\/index.php\/wp-json\/wp\/v2\/pages\/8"}],"collection":[{"href":"http:\/\/www.baladekayak35.com\/index.php\/wp-json\/wp\/v2\/pages"}],"about":[{"href":"http:\/\/www.baladekayak35.com\/index.php\/wp-json\/wp\/v2\/types\/page"}],"author":[{"embeddable":true,"href":"http:\/\/www.baladekayak35.com\/index.php\/wp-json\/wp\/v2\/users\/1"}],"replies":[{"embeddable":true,"href":"http:\/\/www.baladekayak35.com\/index.php\/wp-json\/wp\/v2\/comments?post=8"}],"version-history":[{"count":340,"href":"http:\/\/www.baladekayak35.com\/index.php\/wp-json\/wp\/v2\/pages\/8\/revisions"}],"predecessor-version":[{"id":724,"href":"http:\/\/www.baladekayak35.com\/index.php\/wp-json\/wp\/v2\/pages\/8\/revisions\/724"}],"wp:attachment":[{"href":"http:\/\/www.baladekayak35.com\/index.php\/wp-json\/wp\/v2\/media?parent=8"}],"curies":[{"name":"wp","href":"https:\/\/api.w.org\/{rel}","templated":true}]}}